{"id":1207,"date":"2022-10-10T07:24:52","date_gmt":"2022-10-10T07:24:52","guid":{"rendered":"http:\/\/inscashops.com\/test\/"},"modified":"2022-10-10T07:24:52","modified_gmt":"2022-10-10T07:24:52","slug":"test","status":"publish","type":"page","link":"https:\/\/inscashops.com\/fr\/test\/","title":{"rendered":"test"},"content":{"rendered":"<h1>Proyectos integrales y equipamiento comercial a medida<\/h1>\n<h2>Porque solo cuando<br \/>\nbuscas la perfecci\u00f3n,<br \/>\n<strong>encuentras la excelencia<\/strong><\/h2>\n<ul>\n<li>\n\t\t\t\t\t\t\t\t\t\tRetail\n\t\t\t\t\t\t\t\t\t<\/li>\n<li>\n\t\t\t\t\t\t\t\t\t\tRestauraci\u00f3n\n\t\t\t\t\t\t\t\t\t<\/li>\n<li>\n\t\t\t\t\t\t\t\t\t\tContract\n\t\t\t\t\t\t\t\t\t<\/li>\n<\/ul>\n<p>\t\t\t<a href=\"#sec-contacto\" role=\"button\"><br \/>\n\t\t\t\t\t\tSolicita tu cat\u00e1logo<br \/>\n\t\t\t\t\t<\/a><br \/>\n\t\t\t\t\t\t\t\t\t\t\t\t\t\t\t<img loading=\"lazy\" decoding=\"async\" width=\"284\" height=\"216\" src=\"http:\/\/inscashops.com\/wp-content\/uploads\/2022\/09\/the_finest_work.svg\" alt=\"\" loading=\"lazy\" title=\"\">\t\t\t\t\t\t\t\t\t\t\t\t\t\t\t<\/p>\n<h2>Somos tan <b>perfeccionistas<br \/>\n<\/b>que el <b>resultado es inmejorable<\/b><\/h2>\n<p>\t\t\t<a href=\"http:\/\/inscashops.com\/proyectos\/\" role=\"button\"><br \/>\n\t\t\t\t\t\tVer m\u00e1s proyectos<br \/>\n\t\t\t\t\t<\/a><\/p>\n<h2><b>Nos implicamos al<br \/>\n100%<\/b> en el proceso, de principio a fin, de la<br \/>\nidea a la producci\u00f3n<\/h2>\n<p>\t\t\t\t\t\t\t\t\t\t\t\t\t\t\t<img loading=\"lazy\" decoding=\"async\" width=\"488\" height=\"306\" src=\"http:\/\/inscashops.com\/wp-content\/uploads\/2022\/09\/insca-iso.png\" alt=\"Insca Shops\" loading=\"lazy\" srcset=\"http:\/\/inscashops.com\/wp-content\/uploads\/2022\/09\/insca-iso.png 488w, http:\/\/inscashops.com\/wp-content\/uploads\/2022\/09\/insca-iso-300x188.png 300w\" sizes=\"(max-width: 488px) 100vw, 488px\" title=\"\">\t\t\t\t\t\t\t\t\t\t\t\t\t\t\t<\/p>\n<ul>\n<li>\n\t\t\t\t\t\t\t\t\t\tDefinici\u00f3n del briefing\n\t\t\t\t\t\t\t\t\t<\/li>\n<li>\n\t\t\t\t\t\t\t\t\t\tDesarrollo proyecto 2D y 3D\n\t\t\t\t\t\t\t\t\t<\/li>\n<li>\n\t\t\t\t\t\t\t\t\t\tDesarrollo t\u00e9cnico\n\t\t\t\t\t\t\t\t\t<\/li>\n<li>\n\t\t\t\t\t\t\t\t\t\tPrototipos\n\t\t\t\t\t\t\t\t\t<\/li>\n<li>\n\t\t\t\t\t\t\t\t\t\tFabricaci\u00f3n mobiliario\n\t\t\t\t\t\t\t\t\t<\/li>\n<li>\n\t\t\t\t\t\t\t\t\t\tMontaje &amp; Gesti\u00f3n de Obra\n\t\t\t\t\t\t\t\t\t<\/li>\n<\/ul>\n<p>\t\t\t\t\t\t\t\t\t\t\t\t\t\t\t<img loading=\"lazy\" decoding=\"async\" width=\"303\" height=\"276\" src=\"http:\/\/inscashops.com\/wp-content\/uploads\/2022\/09\/insca-shops-vertical.png\" alt=\"\" loading=\"lazy\" srcset=\"http:\/\/inscashops.com\/wp-content\/uploads\/2022\/09\/insca-shops-vertical.png 303w, http:\/\/inscashops.com\/wp-content\/uploads\/2022\/09\/insca-shops-vertical-300x273.png 300w\" sizes=\"(max-width: 303px) 100vw, 303px\" title=\"\"><br \/>\n\t\t\t\t\t\t\t\t\t\t\t\t\t\t\t<svg xmlns=\"http:\/\/www.w3.org\/2000\/svg\" xmlns:xlink=\"http:\/\/www.w3.org\/1999\/xlink\" id=\"Capa_1\" x=\"0px\" y=\"0px\" width=\"33px\" height=\"33px\" viewBox=\"0 0 33 33\" xml:space=\"preserve\"><polygon fill=\"#E3D3B9\" points=\"33,16 17,16 17,0 16,0 16,16 0,16 0,17 16,17 16,33 17,33 17,17 33,17 \"><\/polygon><\/svg><br \/>\n\t\t\t\t\t\t\t\t<svg xmlns=\"http:\/\/www.w3.org\/2000\/svg\" xmlns:xlink=\"http:\/\/www.w3.org\/1999\/xlink\" id=\"Capa_1\" x=\"0px\" y=\"0px\" width=\"33px\" height=\"33px\" viewBox=\"0 0 33 33\" xml:space=\"preserve\"><rect y=\"16\" fill=\"#E3D3B9\" width=\"33\" height=\"1\"><\/rect><rect y=\"16\" fill=\"#E3D3B9\" width=\"33\" height=\"1\"><\/rect><\/svg><br \/>\n\t\t\t\t\t\t\t\t\t\t\t\t<a href=\"\">M\u00e1s de 150 profesionales al servicio de tu negocio<\/a><\/p>\n<p>Lorem fistrum por la gloria de mi madre esse jarl aliqua llevame al sircoo. De la pradera ullamco qu\u00e9 dise usteer est\u00e1 la cosa muy malar.<\/p>\n<p>\t\t\t\t\t\t\t\t\t\t\t\t\t\t\t<svg xmlns=\"http:\/\/www.w3.org\/2000\/svg\" xmlns:xlink=\"http:\/\/www.w3.org\/1999\/xlink\" id=\"Capa_1\" x=\"0px\" y=\"0px\" width=\"33px\" height=\"33px\" viewBox=\"0 0 33 33\" xml:space=\"preserve\"><polygon fill=\"#E3D3B9\" points=\"33,16 17,16 17,0 16,0 16,16 0,16 0,17 16,17 16,33 17,33 17,17 33,17 \"><\/polygon><\/svg><br \/>\n\t\t\t\t\t\t\t\t<svg xmlns=\"http:\/\/www.w3.org\/2000\/svg\" xmlns:xlink=\"http:\/\/www.w3.org\/1999\/xlink\" id=\"Capa_1\" x=\"0px\" y=\"0px\" width=\"33px\" height=\"33px\" viewBox=\"0 0 33 33\" xml:space=\"preserve\"><rect y=\"16\" fill=\"#E3D3B9\" width=\"33\" height=\"1\"><\/rect><rect y=\"16\" fill=\"#E3D3B9\" width=\"33\" height=\"1\"><\/rect><\/svg><br \/>\n\t\t\t\t\t\t\t\t\t\t\t\t<a href=\"\">Capacidad industrial<\/a><br \/>\n\t\t\t\t\tLorem fistrum por la gloria de mi madre esse jarl aliqua llevame al sircoo. De la pradera ullamco qu\u00e9 dise usteer est\u00e1 la cosa muy malar.<br \/>\n\t\t\t\t\t\t\t\t\t\t\t\t\t\t\t<svg xmlns=\"http:\/\/www.w3.org\/2000\/svg\" xmlns:xlink=\"http:\/\/www.w3.org\/1999\/xlink\" id=\"Capa_1\" x=\"0px\" y=\"0px\" width=\"33px\" height=\"33px\" viewBox=\"0 0 33 33\" xml:space=\"preserve\"><polygon fill=\"#E3D3B9\" points=\"33,16 17,16 17,0 16,0 16,16 0,16 0,17 16,17 16,33 17,33 17,17 33,17 \"><\/polygon><\/svg><br \/>\n\t\t\t\t\t\t\t\t<svg xmlns=\"http:\/\/www.w3.org\/2000\/svg\" xmlns:xlink=\"http:\/\/www.w3.org\/1999\/xlink\" id=\"Capa_1\" x=\"0px\" y=\"0px\" width=\"33px\" height=\"33px\" viewBox=\"0 0 33 33\" xml:space=\"preserve\"><rect y=\"16\" fill=\"#E3D3B9\" width=\"33\" height=\"1\"><\/rect><rect y=\"16\" fill=\"#E3D3B9\" width=\"33\" height=\"1\"><\/rect><\/svg><br \/>\n\t\t\t\t\t\t\t\t\t\t\t\t<a href=\"\">Log\u00edstica internacional<\/a><br \/>\n\t\t\t\t\tLorem fistrum por la gloria de mi madre esse jarl aliqua llevame al sircoo. De la pradera ullamco qu\u00e9 dise usteer est\u00e1 la cosa muy malar.<br \/>\n\t\t\t\t\t\t\t\t\t\t\t\t\t\t\t<svg xmlns=\"http:\/\/www.w3.org\/2000\/svg\" xmlns:xlink=\"http:\/\/www.w3.org\/1999\/xlink\" id=\"Capa_1\" x=\"0px\" y=\"0px\" width=\"33px\" height=\"33px\" viewBox=\"0 0 33 33\" xml:space=\"preserve\"><polygon fill=\"#E3D3B9\" points=\"33,16 17,16 17,0 16,0 16,16 0,16 0,17 16,17 16,33 17,33 17,17 33,17 \"><\/polygon><\/svg><br \/>\n\t\t\t\t\t\t\t\t<svg xmlns=\"http:\/\/www.w3.org\/2000\/svg\" xmlns:xlink=\"http:\/\/www.w3.org\/1999\/xlink\" id=\"Capa_1\" x=\"0px\" y=\"0px\" width=\"33px\" height=\"33px\" viewBox=\"0 0 33 33\" xml:space=\"preserve\"><rect y=\"16\" fill=\"#E3D3B9\" width=\"33\" height=\"1\"><\/rect><rect y=\"16\" fill=\"#E3D3B9\" width=\"33\" height=\"1\"><\/rect><\/svg><br \/>\n\t\t\t\t\t\t\t\t\t\t\t\t<a href=\"\">Servicio 365 d\u00edas del a\u00f1o<\/a><br \/>\n\t\t\t\t\tLorem fistrum por la gloria de mi madre esse jarl aliqua llevame al sircoo. De la pradera ullamco qu\u00e9 dise usteer est\u00e1 la cosa muy malar.<\/p>\n<h2>Porque si algo nos demuestra nuestra experiencia es que en nuestro mercado,<br \/>\npara ofrecer lo mejor,<br \/>\n<i>hay que ser los mejores.<\/i><\/h2>\n<p>\t\t\t<a href=\"#sec-contacto\" role=\"button\"><br \/>\n\t\t\t\t\t\tSolicita tu cat\u00e1logo<br \/>\n\t\t\t\t\t<\/a><\/p>\n<h3>Por eso, <strong>grandes marcas<\/strong> conf\u00edan en nosotros<\/h3>\n<figure><img data-src=\"http:\/\/inscashops.com\/wp-content\/uploads\/2022\/09\/elcorte-ingles.jpg\" alt=\"elcorte-ingles\" \/><\/figure>\n<figure><img data-src=\"http:\/\/inscashops.com\/wp-content\/uploads\/2022\/09\/printemps.jpg\" alt=\"printemps\" \/><\/figure>\n<figure><img data-src=\"http:\/\/inscashops.com\/wp-content\/uploads\/2022\/09\/Galerias_lafayette.jpg\" alt=\"Galerias_lafayette\" \/><\/figure>\n<figure><img data-src=\"http:\/\/inscashops.com\/wp-content\/uploads\/2022\/09\/TOUS.jpg\" alt=\"TOUS\" \/><\/figure>\n<figure><img data-src=\"http:\/\/inscashops.com\/wp-content\/uploads\/2022\/09\/singularu.jpg\" alt=\"singularu\" \/><\/figure>\n<figure><img data-src=\"http:\/\/inscashops.com\/wp-content\/uploads\/2022\/09\/greenwich.jpg\" alt=\"greenwich\" \/><\/figure>\n<figure><img data-src=\"http:\/\/inscashops.com\/wp-content\/uploads\/2022\/09\/boboli.jpg\" alt=\"boboli\" \/><\/figure>\n<figure><img data-src=\"http:\/\/inscashops.com\/wp-content\/uploads\/2022\/09\/areasA.jpg\" alt=\"areasA\" \/><\/figure>\n<figure><img data-src=\"http:\/\/inscashops.com\/wp-content\/uploads\/2022\/09\/belros.jpg\" alt=\"belros\" \/><\/figure>\n<figure><img data-src=\"http:\/\/inscashops.com\/wp-content\/uploads\/2022\/09\/cottet.jpg\" alt=\"cottet\" \/><\/figure>\n<figure><img data-src=\"http:\/\/inscashops.com\/wp-content\/uploads\/2022\/09\/nameit.jpg\" alt=\"nameit\" \/><\/figure>\n<figure><img data-src=\"http:\/\/inscashops.com\/wp-content\/uploads\/2022\/09\/jjxx.jpg\" alt=\"jjxx\" \/><\/figure>\n<figure><img data-src=\"http:\/\/inscashops.com\/wp-content\/uploads\/2022\/09\/jdy.jpg\" alt=\"jdy\" \/><\/figure>\n<figure><img data-src=\"http:\/\/inscashops.com\/wp-content\/uploads\/2022\/09\/noisy.jpg\" alt=\"noisy\" \/><\/figure>\n<figure><img data-src=\"http:\/\/inscashops.com\/wp-content\/uploads\/2022\/09\/pieces.jpg\" alt=\"pieces\" \/><\/figure>\n<figure><img data-src=\"http:\/\/inscashops.com\/wp-content\/uploads\/2022\/09\/veromoda.jpg\" alt=\"veromoda\" \/><\/figure>\n<figure><img data-src=\"http:\/\/inscashops.com\/wp-content\/uploads\/2022\/09\/only.jpg\" alt=\"only\" \/><\/figure>\n<figure><img data-src=\"http:\/\/inscashops.com\/wp-content\/uploads\/2022\/09\/vila.jpg\" alt=\"vila\" \/><\/figure>\n<figure><img data-src=\"http:\/\/inscashops.com\/wp-content\/uploads\/2022\/09\/bestseller.jpg\" alt=\"bestseller\" \/><\/figure>\n<p>\t\t\t\t\t\t\t\t\t\t\t\tAnterior<br \/>\n\t\t\t\t\t\t\t\t\t\t\t\tSiguiente<\/p>\n<h2>Porque solo cuando<br \/>\nbuscas la perfecci\u00f3n,<br \/>\n<strong>encuentras la excelencia<\/strong><\/h2>\n\n<div class=\"wpcf7 no-js\" id=\"wpcf7-f4076-o1\" lang=\"fr-FR\" dir=\"ltr\">\n<div class=\"screen-reader-response\"><p role=\"status\" aria-live=\"polite\" aria-atomic=\"true\"><\/p> <ul><\/ul><\/div>\n<form action=\"\/fr\/wp-json\/wp\/v2\/pages\/1207#wpcf7-f4076-o1\" method=\"post\" class=\"wpcf7-form init\" aria-label=\"Formulaire de contact\" novalidate=\"novalidate\" data-status=\"init\">\n<div style=\"display: none;\">\n<input type=\"hidden\" name=\"_wpcf7\" value=\"4076\" \/>\n<input type=\"hidden\" name=\"_wpcf7_version\" value=\"5.9.6\" \/>\n<input type=\"hidden\" name=\"_wpcf7_locale\" value=\"fr_FR\" \/>\n<input type=\"hidden\" name=\"_wpcf7_unit_tag\" value=\"wpcf7-f4076-o1\" \/>\n<input type=\"hidden\" name=\"_wpcf7_container_post\" value=\"0\" \/>\n<input type=\"hidden\" name=\"_wpcf7_posted_data_hash\" value=\"\" \/>\n<input type=\"hidden\" name=\"_wpcf7_recaptcha_response\" value=\"\" \/>\n<\/div>\n<div class=\"row\">\n\t<p><label><span class=\"wpcf7-form-control-wrap\" data-name=\"your-name\"><input size=\"40\" maxlength=\"80\" class=\"wpcf7-form-control wpcf7-text wpcf7-validates-as-required\" aria-required=\"true\" aria-invalid=\"false\" placeholder=\"Nom\" value=\"\" type=\"text\" name=\"your-name\" \/><\/span><\/label><label><span class=\"wpcf7-form-control-wrap\" data-name=\"your-tel\"><input size=\"40\" maxlength=\"80\" class=\"wpcf7-form-control wpcf7-tel wpcf7-text wpcf7-validates-as-tel\" aria-invalid=\"false\" placeholder=\"T\u00e9l\u00e9phone\" value=\"\" type=\"tel\" name=\"your-tel\" \/><\/span><\/label>\n\t<\/p>\n<\/div>\n<p><label><br \/>\n<span class=\"wpcf7-form-control-wrap\" data-name=\"your-email\"><input size=\"40\" maxlength=\"80\" class=\"wpcf7-form-control wpcf7-email wpcf7-validates-as-required wpcf7-text wpcf7-validates-as-email\" aria-required=\"true\" aria-invalid=\"false\" placeholder=\"Email\" value=\"\" type=\"email\" name=\"your-email\" \/><\/span> <\/label>\n<\/p>\n<p><label><br \/>\n<span class=\"wpcf7-form-control-wrap\" data-name=\"empresa\"><input size=\"40\" maxlength=\"80\" class=\"wpcf7-form-control wpcf7-text wpcf7-validates-as-required\" aria-required=\"true\" aria-invalid=\"false\" placeholder=\"Entreprise\" value=\"\" type=\"text\" name=\"empresa\" \/><\/span> <\/label>\n<\/p>\n<p><label><br \/>\n<span class=\"wpcf7-form-control-wrap\" data-name=\"your-message\"><textarea cols=\"40\" rows=\"1\" maxlength=\"400\" class=\"wpcf7-form-control wpcf7-textarea\" aria-invalid=\"false\" placeholder=\"Commentaire\" name=\"your-message\"><\/textarea><\/span> <\/label>\n<\/p>\n<p><span class=\"wpcf7-form-control-wrap\" data-name=\"acceptance-269\"><span class=\"wpcf7-form-control wpcf7-acceptance\"><span class=\"wpcf7-list-item\"><label><input type=\"checkbox\" name=\"acceptance-269\" value=\"1\" aria-invalid=\"false\" \/><span class=\"wpcf7-list-item-label\">J'ai lu et j'accepte la politique de confidentialit\u00e9<\/span><\/label><\/span><\/span><\/span>\n<\/p>\n<p><input class=\"wpcf7-form-control wpcf7-submit has-spinner\" type=\"submit\" value=\"Envoyer\" \/>\n<\/p><div class=\"wpcf7-response-output\" aria-hidden=\"true\"><\/div>\n<\/form>\n<\/div>\n\n","protected":false},"excerpt":{"rendered":"<p>Proyectos integrales y equipamiento comercial a medida Porque solo cuando buscas la perfecci\u00f3n, encuentras la excelencia Retail Restauraci\u00f3n Contract Solicita tu cat\u00e1logo Somos tan perfeccionistas que el resultado es inmejorable Ver m\u00e1s proyectos Nos implicamos al 100% en el proceso, de principio a fin, de la idea a la producci\u00f3n Definici\u00f3n del briefing Desarrollo proyecto [&hellip;]<\/p>\n","protected":false},"author":1,"featured_media":0,"parent":0,"menu_order":0,"comment_status":"closed","ping_status":"closed","template":"","meta":{"content-type":"","site-sidebar-layout":"default","site-content-layout":"","ast-site-content-layout":"","site-content-style":"default","site-sidebar-style":"default","ast-global-header-display":"","ast-banner-title-visibility":"","ast-main-header-display":"","ast-hfb-above-header-display":"","ast-hfb-below-header-display":"","ast-hfb-mobile-header-display":"","site-post-title":"","ast-breadcrumbs-content":"","ast-featured-img":"","footer-sml-layout":"","theme-transparent-header-meta":"","adv-header-id-meta":"","stick-header-meta":"","header-above-stick-meta":"","header-main-stick-meta":"","header-below-stick-meta":"","astra-migrate-meta-layouts":"default","ast-page-background-enabled":"default","ast-page-background-meta":{"desktop":{"background-color":"var(--ast-global-color-4)","background-image":"","background-repeat":"repeat","background-position":"center center","background-size":"auto","background-attachment":"scroll","background-type":"","background-media":"","overlay-type":"","overlay-color":"","overlay-opacity":"","overlay-gradient":""},"tablet":{"background-color":"","background-image":"","background-repeat":"repeat","background-position":"center center","background-size":"auto","background-attachment":"scroll","background-type":"","background-media":"","overlay-type":"","overlay-color":"","overlay-opacity":"","overlay-gradient":""},"mobile":{"background-color":"","background-image":"","background-repeat":"repeat","background-position":"center center","background-size":"auto","background-attachment":"scroll","background-type":"","background-media":"","overlay-type":"","overlay-color":"","overlay-opacity":"","overlay-gradient":""}},"ast-content-background-meta":{"desktop":{"background-color":"var(--ast-global-color-5)","background-image":"","background-repeat":"repeat","background-position":"center center","background-size":"auto","background-attachment":"scroll","background-type":"","background-media":"","overlay-type":"","overlay-color":"","overlay-opacity":"","overlay-gradient":""},"tablet":{"background-color":"var(--ast-global-color-5)","background-image":"","background-repeat":"repeat","background-position":"center center","background-size":"auto","background-attachment":"scroll","background-type":"","background-media":"","overlay-type":"","overlay-color":"","overlay-opacity":"","overlay-gradient":""},"mobile":{"background-color":"var(--ast-global-color-5)","background-image":"","background-repeat":"repeat","background-position":"center center","background-size":"auto","background-attachment":"scroll","background-type":"","background-media":"","overlay-type":"","overlay-color":"","overlay-opacity":"","overlay-gradient":""}},"_joinchat":[],"footnotes":""},"acf":[],"_links":{"self":[{"href":"https:\/\/inscashops.com\/fr\/wp-json\/wp\/v2\/pages\/1207"}],"collection":[{"href":"https:\/\/inscashops.com\/fr\/wp-json\/wp\/v2\/pages"}],"about":[{"href":"https:\/\/inscashops.com\/fr\/wp-json\/wp\/v2\/types\/page"}],"author":[{"embeddable":true,"href":"https:\/\/inscashops.com\/fr\/wp-json\/wp\/v2\/users\/1"}],"replies":[{"embeddable":true,"href":"https:\/\/inscashops.com\/fr\/wp-json\/wp\/v2\/comments?post=1207"}],"version-history":[{"count":0,"href":"https:\/\/inscashops.com\/fr\/wp-json\/wp\/v2\/pages\/1207\/revisions"}],"wp:attachment":[{"href":"https:\/\/inscashops.com\/fr\/wp-json\/wp\/v2\/media?parent=1207"}],"curies":[{"name":"wp","href":"https:\/\/api.w.org\/{rel}","templated":true}]}}