{"id":8090,"date":"2024-09-03T12:17:49","date_gmt":"2024-09-03T12:17:49","guid":{"rendered":"https:\/\/inscashops.com\/politica-de-cookies\/"},"modified":"2025-07-31T15:36:38","modified_gmt":"2025-07-31T15:36:38","slug":"politica-de-cookies","status":"publish","type":"page","link":"https:\/\/inscashops.com\/fr\/politica-de-cookies\/","title":{"rendered":"Politique de Cookies"},"content":{"rendered":"\n<p><strong>Date de la derni\u00e8re mise \u00e0 jour : 20\/05\/2024<\/strong><\/p>\n\n\n\n<p><strong>QU&rsquo;EST-CE QUE LES COOKIES ?<\/strong><\/p>\n\n\n\n<p>Les cookies sont de petits fichiers qui s&rsquo;installent sur le disque dur ou dans le navigateur de l&rsquo;ordinateur, de la tablette, du smartphone ou d&rsquo;un dispositif \u00e9quivalent avec des fonctions de navigation sur Internet et aident, entre autres : \u00e0 personnaliser les services du titulaire du site web, \u00e0 faciliter la navigation et l&rsquo;utilisabilit\u00e9 du site, \u00e0 obtenir des informations agr\u00e9g\u00e9es sur les visiteurs du site, \u00e0 permettre la lecture et l&rsquo;affichage de contenu multim\u00e9dia sur le site, \u00e0 permettre des \u00e9l\u00e9ments d&rsquo;interaction entre l&rsquo;utilisateur et le site, \u00e0 activer des outils de s\u00e9curit\u00e9, etc.<\/p>\n\n\n\n<p><strong>D\u00c9FINITIONS UTILIS\u00c9ES DANS CETTE POLITIQUE DE COOKIES<\/strong><\/p>\n\n\n\n<ul>\n<li><strong>Donn\u00e9e<\/strong> : Il s&rsquo;agit des informations obtenues par le biais de l&rsquo;\u00e9quipement terminal de l&rsquo;utilisateur via le dispositif de stockage et de r\u00e9cup\u00e9ration de donn\u00e9es (cookies ou autres). La donn\u00e9e sera consid\u00e9r\u00e9e comme personnelle lorsqu&rsquo;elle concerne des personnes physiques identifi\u00e9es ou identifiables, selon les termes d\u00e9finis \u00e0 l&rsquo;article 4 du RGPD.<\/li>\n\n\n\n<li><strong>Information agr\u00e9g\u00e9e<\/strong> : Informations non nominatives, g\u00e9n\u00e9ralement num\u00e9riques, fournies \u00e0 des fins statistiques.<\/li>\n\n\n\n<li><strong>\u00c9quipement terminal<\/strong> : Dispositif par lequel l&rsquo;utilisateur acc\u00e8de au service, tel qu&rsquo;un ordinateur personnel, un t\u00e9l\u00e9phone mobile, une tablette, etc., et \u00e0 partir duquel les informations sont obtenues.<\/li>\n\n\n\n<li><strong>Service de la soci\u00e9t\u00e9 de l&rsquo;information<\/strong> : Tout service fourni sur demande individuelle d&rsquo;un utilisateur, \u00e0 titre on\u00e9reux ou non, \u00e0 distance et par voie \u00e9lectronique, dans la mesure o\u00f9, aux fins de ce guide, il constitue une activit\u00e9 \u00e9conomique pour l&rsquo;\u00e9diteur dont la prestation entra\u00eene l&rsquo;utilisation des cookies.<\/li>\n\n\n\n<li><strong>\u00c9diteur<\/strong> : Responsable ou titulaire du site web.<\/li>\n\n\n\n<li><strong>Troisi\u00e8me<\/strong> : Entit\u00e9 externe, partenaire, prestataire de services ou li\u00e9e \u00e0 l&rsquo;\u00e9diteur, intervenant dans la gestion de certains cookies.<\/li>\n\n\n\n<li><strong>Responsable du cookie<\/strong> : L&rsquo;\u00e9diteur, responsable ou titulaire du site web ou, dans certains cas, le tiers.<\/li>\n\n\n\n<li><strong>Habitudes de navigation<\/strong> : Tendances montr\u00e9es par l&rsquo;utilisateur lors de la navigation sur un site web, telles que le temps pass\u00e9 sur la page, les sections visit\u00e9es, les parties les plus fr\u00e9quent\u00e9es, l&rsquo;origine de la visite, la destination de la visite, entre autres.<\/li>\n<\/ul>\n\n\n\n<p><strong>QUELS SONT LES TYPES DE COOKIES ?<\/strong><\/p>\n\n\n\n<p><em>Selon l&rsquo;entit\u00e9 qui les g\u00e8re :<\/em><\/p>\n\n\n\n<ul>\n<li><strong>Cookies propres<\/strong> : Ce sont ceux envoy\u00e9s au terminal de l&rsquo;utilisateur depuis un \u00e9quipement ou un domaine g\u00e9r\u00e9 par l&rsquo;\u00e9diteur lui-m\u00eame et depuis lequel le service demand\u00e9 par l&rsquo;utilisateur est fourni.<\/li>\n\n\n\n<li><strong>Cookies de tiers<\/strong> : Ce sont ceux envoy\u00e9s au terminal de l&rsquo;utilisateur depuis un \u00e9quipement ou un domaine qui n&rsquo;est pas g\u00e9r\u00e9 par l&rsquo;\u00e9diteur, mais par une autre entit\u00e9 qui traite les donn\u00e9es obtenues via les cookies.<\/li>\n<\/ul>\n\n\n\n<p><em>Selon la dur\u00e9e pendant laquelle ils restent activ\u00e9s sur le terminal :<\/em><\/p>\n\n\n\n<ul>\n<li><strong>Cookies de session<\/strong> : Ce sont ceux con\u00e7us pour recueillir et stocker des donn\u00e9es pendant que l&rsquo;utilisateur acc\u00e8de \u00e0 un site web. Ils sont g\u00e9n\u00e9ralement utilis\u00e9s pour stocker des informations n\u00e9cessaires uniquement \u00e0 la prestation du service demand\u00e9 par l&rsquo;utilisateur lors d&rsquo;une seule occasion (par exemple, une liste de produits achet\u00e9s) et disparaissent \u00e0 la fin de la session.<\/li>\n\n\n\n<li><strong>Cookies persistants<\/strong> : Ce sont ceux o\u00f9 les donn\u00e9es restent stock\u00e9es sur le terminal et peuvent \u00eatre accessibles et trait\u00e9es pendant une p\u00e9riode d\u00e9finie par le responsable du cookie, allant de quelques minutes \u00e0 plusieurs ann\u00e9es.<\/li>\n<\/ul>\n\n\n\n<p><em>Selon la finalit\u00e9 pour laquelle les donn\u00e9es obtenues via les cookies sont trait\u00e9es :<\/em><\/p>\n\n\n\n<ul>\n<li><strong>Cookies techniques<\/strong> : Ce sont ceux qui permettent \u00e0 l&rsquo;utilisateur de naviguer sur un site web, une plateforme ou une application et d&rsquo;utiliser les diff\u00e9rentes options ou services disponibles, y compris ceux utilis\u00e9s par l&rsquo;\u00e9diteur pour permettre la gestion et le fonctionnement du site web et activer ses fonctions et services, tels que contr\u00f4ler le trafic et la communication des donn\u00e9es, identifier la session, acc\u00e9der \u00e0 des parties \u00e0 acc\u00e8s restreint, se souvenir des \u00e9l\u00e9ments constituant une commande, effectuer le processus d&rsquo;achat d&rsquo;une commande, g\u00e9rer le paiement, contr\u00f4ler la fraude li\u00e9e \u00e0 la s\u00e9curit\u00e9 du service, faire une demande d&rsquo;inscription ou de participation \u00e0 un \u00e9v\u00e9nement, compter les visites \u00e0 des fins de facturation des licences du logiciel avec lequel le service fonctionne (site web, plateforme ou application), utiliser des \u00e9l\u00e9ments de s\u00e9curit\u00e9 pendant la navigation, stocker des contenus pour la diffusion de vid\u00e9os ou de sons, activer des contenus dynamiques (par exemple, animation de chargement d&rsquo;un texte ou d&rsquo;une image) ou partager des contenus via les r\u00e9seaux sociaux. Les cookies qui permettent la gestion, de la mani\u00e8re la plus efficace possible, des espaces publicitaires inclus dans un site web, une application ou une plateforme, comme \u00e9l\u00e9ment de conception ou de \u00ab\u00a0mise en page\u00a0\u00bb du service offert \u00e0 l&rsquo;utilisateur, sont \u00e9galement inclus dans cette cat\u00e9gorie en raison de leur nature technique, sans que les informations des utilisateurs ne soient collect\u00e9es \u00e0 d&rsquo;autres fins, telles que la personnalisation de ce contenu publicitaire ou d&rsquo;autres contenus.<\/li>\n\n\n\n<li><strong>Cookies de pr\u00e9f\u00e9rences ou de personnalisation<\/strong> : Ce sont ceux qui permettent de se souvenir des informations pour que l&rsquo;utilisateur acc\u00e8de au service avec des caract\u00e9ristiques sp\u00e9cifiques qui peuvent diff\u00e9rencier son exp\u00e9rience de celle des autres utilisateurs, telles que la langue, le nombre de r\u00e9sultats \u00e0 afficher lors d&rsquo;une recherche, l&rsquo;apparence ou le contenu du service en fonction du type de navigateur utilis\u00e9 pour acc\u00e9der au service ou de la r\u00e9gion d&rsquo;o\u00f9 l&rsquo;utilisateur acc\u00e8de au service, etc.<\/li>\n\n\n\n<li><strong>Cookies d&rsquo;analyse ou de mesure<\/strong> : Ce sont ceux qui permettent au responsable de suivre et d&rsquo;analyser le comportement des utilisateurs des sites web auxquels ils sont li\u00e9s, y compris la quantification des impacts des annonces. Les informations recueillies via ces cookies sont utilis\u00e9es pour mesurer l&rsquo;activit\u00e9 des sites web, des applications ou des plateformes, dans le but d&rsquo;apporter des am\u00e9liorations en fonction de l&rsquo;analyse des donn\u00e9es d&rsquo;utilisation effectu\u00e9es par les utilisateurs du service.<\/li>\n\n\n\n<li><strong>Cookies publicitaires<\/strong> : Ce sont ceux qui permettent de g\u00e9rer, de la mani\u00e8re la plus efficace possible, les espaces publicitaires inclus dans un site web, une application ou une plateforme depuis laquelle le service demand\u00e9 est fourni, en fonction de crit\u00e8res tels que le contenu \u00e9dit\u00e9 ou la fr\u00e9quence \u00e0 laquelle les annonces sont affich\u00e9es.<\/li>\n\n\n\n<li><strong>Cookies de publicit\u00e9 comportementale<\/strong> : Ce sont ceux qui permettent de g\u00e9rer, de la mani\u00e8re la plus efficace possible, les espaces publicitaires inclus dans un site web, une application ou une plateforme depuis laquelle le service demand\u00e9 est fourni. Ces cookies stockent des informations sur le comportement des utilisateurs obtenues par l&rsquo;observation continue de leurs habitudes de navigation, ce qui permet de d\u00e9velopper un profil sp\u00e9cifique pour afficher des publicit\u00e9s en fonction de ce profil.<\/li>\n<\/ul>\n\n\n\n<p><strong>EN CONCRET, QUELS COOKIES UTILISONS-NOUS ?<\/strong><\/p>\n\n\n\n<figure class=\"wp-block-table\"><table><tbody><tr><th>Nom du cookie<\/th><th>Domaine<\/th><th>Dur\u00e9e<\/th><th>Cat\u00e9gorie<\/th><th>Description<\/th><th>Transfert international<\/th><\/tr><tr><td>cookieyes-consent<\/td><td>inscashops.com<\/td><td>1 ann\u00e9e<\/td><td>N\u00e9cessaire<\/td><td>CookieYes utilise ce cookie pour m\u00e9moriser les pr\u00e9f\u00e9rences de consentement des utilisateurs afin que celles-ci soient respect\u00e9es lors de leurs prochaines visites sur ce site. Il ne collecte ni ne stocke aucune information personnelle sur les visiteurs du site.<\/td><td>Non<\/td><\/tr><tr><td>_GRECAPTCHA6 months<\/td><td>www.google.com<\/td><td>6 mois<\/td><td>Autres<\/td><td>Le service Google Recaptcha d\u00e9finit ce cookie pour identifier les robots afin de prot\u00e9ger le site Web contre les attaques de spam malveillantes.<\/td><td>Oui<\/td><\/tr><tr><td>elementor<\/td><td>inscashops.com<\/td><td>jamais<\/td><td>N\u00e9cessaire<\/td><td>Le th\u00e8me WordPress du site web utilise ce cookie. Il permet au propri\u00e9taire du site web d&rsquo;impl\u00e9menter ou de modifier son contenu en temps r\u00e9el.<\/td><td>Non<\/td><\/tr><tr><td>wpEmojiSettingsSupports<\/td><td>inscashops.com<\/td><td>session<\/td><td>Autres<\/td><td>WordPress d\u00e9finit ce cookie lorsqu&rsquo;un utilisateur interagit avec des \u00e9mojis sur un site WordPress. Il permet de d\u00e9terminer si le navigateur de l&rsquo;utilisateur peut afficher correctement les \u00e9mojis.<\/td><td>Non<\/td><\/tr><tr><td>wp-wpml_current_language<\/td><td>inscashops.com<\/td><td>session<\/td><td>Fonctionnel<\/td><td>Le plugin multilingue WordPress d\u00e9finit ce cookie pour stocker la langue\/les param\u00e8tres de langue actuels.<\/td><td>Non<\/td><\/tr><tr><td>_ga<\/td><td>.inscashops.com<\/td><td>1 ann\u00e9e 1 mois 4 jours<\/td><td>Analyse<\/td><td>Google Analytics utilise ce cookie pour calculer les donn\u00e9es relatives aux visiteurs, aux sessions et aux campagnes, et suivre l&rsquo;utilisation du site pour le rapport d&rsquo;analyse. Ce cookie stocke les informations de mani\u00e8re anonyme et attribue un num\u00e9ro g\u00e9n\u00e9r\u00e9 al\u00e9atoirement pour reconna\u00eetre les visiteurs uniques.<\/td><td>Oui<\/td><\/tr><tr><td>_ga_*<\/td><td>.inscashops.com<\/td><td>1 ann\u00e9e 1 mois 4 jours<\/td><td>Analyse<\/td><td>google-analytics.com|googletagmanager.com\/gtag\/js<\/td><td>Oui<\/td><\/tr><tr><td>YSC<\/td><td>.youtube.com<\/td><td>session<\/td><td>Publicit\u00e9<\/td><td>Youtube d\u00e9finit ce cookie pour suivre les vues des vid\u00e9os int\u00e9gr\u00e9es sur les pages Youtube.<\/td><td>Oui<\/td><\/tr><tr><td>VISITOR_INFO1_LIVE<\/td><td>.youtube.com<\/td><td>6 mois<\/td><td>Publicit\u00e9<\/td><td>YouTube d\u00e9finit ce cookie pour mesurer la bande passante, d\u00e9terminant si l&rsquo;utilisateur obtient la nouvelle ou l&rsquo;ancienne interface du lecteur.<\/td><td>Oui<\/td><\/tr><tr><td>VISITOR_PRIVACY_METADATA<\/td><td>.youtube.com<\/td><td>6 mois<\/td><td>Publicit\u00e9<\/td><td>YouTube d\u00e9finit ce cookie pour stocker l&rsquo;\u00e9tat de consentement des cookies de l&rsquo;utilisateur pour le domaine actuel.<\/td><td>Oui<\/td><\/tr><tr><td>yt-remote-device-id<\/td><td>.youtube.com<\/td><td>jamais<\/td><td>Publicit\u00e9<\/td><td>YouTube d\u00e9finit ce cookie pour stocker les pr\u00e9f\u00e9rences vid\u00e9o de l&rsquo;utilisateur \u00e0 l&rsquo;aide de vid\u00e9os YouTube int\u00e9gr\u00e9es.<\/td><td>Oui<\/td><\/tr><tr><td>yt.innertube::requests<\/td><td>.youtube.com<\/td><td>jamais<\/td><td>Publicit\u00e9<\/td><td>YouTube d\u00e9finit ce cookie pour enregistrer un identifiant unique afin de stocker des donn\u00e9es sur les vid\u00e9os de YouTube que l&rsquo;utilisateur a vues.<\/td><td>Oui<\/td><\/tr><tr><td>yt-remote-connected-devices<\/td><td>.youtube.com<\/td><td>jamais<\/td><td>Publicit\u00e9<\/td><td>YouTube d\u00e9finit ce cookie pour stocker les pr\u00e9f\u00e9rences vid\u00e9o de l&rsquo;utilisateur \u00e0 l&rsquo;aide de vid\u00e9os YouTube int\u00e9gr\u00e9es.<\/td><td>Oui<\/td><\/tr><tr><td>yt.innertube::nextId<\/td><td>.youtube.com<\/td><td>jamais<\/td><td>Publicit\u00e9<\/td><td>YouTube d\u00e9finit ce cookie pour enregistrer un identifiant unique afin de stocker des donn\u00e9es sur les vid\u00e9os de YouTube que l&rsquo;utilisateur a vues.<\/td><td>Oui<\/td><\/tr><tr><td>_cfuvid<\/td><td>.hsforms.com<\/td><td>session<\/td><td>Fonctionnalit\u00e9<\/td><td>Ce cookie est utilis\u00e9 \u00e0 des fins de suivi des utilisateurs au cours des sessions afin d&rsquo;optimiser l&rsquo;exp\u00e9rience utilisateur en maintenant la coh\u00e9rence des sessions et en fournissant des services personnalis\u00e9s.<\/td><td>Oui<\/td><\/tr><\/tbody><\/table><\/figure>\n\n\n\n<p><strong>\u00c0 travers ces cookies, nous \u00e9laborons des profils des navigateurs de notre site web pour prendre des d\u00e9cisions automatis\u00e9es bas\u00e9es sur la logique suivante : segmenter les utilisateurs qui visitent le site en fonction de leurs interactions et fournir un contenu sp\u00e9cifique en fonction de ces interactions.<\/strong><\/p>\n\n\n\n<p>Cette \u00e9laboration de profils et les d\u00e9cisions prises sur les donn\u00e9es ont pour cons\u00e9quence un niveau accru de personnalisation et de pr\u00e9diction des pr\u00e9f\u00e9rences des navigateurs.<\/p>\n\n\n\n<p>Vous pouvez vous informer sur les transferts vers des pays tiers r\u00e9alis\u00e9s, le cas \u00e9ch\u00e9ant, par les tiers identifi\u00e9s dans cette politique de cookies, ainsi que sur les risques associ\u00e9s \u00e0 ces transferts conform\u00e9ment \u00e0 leurs propres politiques distinctes de ce site web, en consultant leurs politiques de cookies respectives fournies dans le tableau pr\u00e9c\u00e9dent.<\/p>\n\n\n\n<p>Vous pouvez accepter, refuser ou r\u00e9voquer votre consentement pour l&rsquo;utilisation des cookies d\u00e9crits dans cette politique via le configurateur de cookies disponible dans l&rsquo;avis initial d&rsquo;utilisation des cookies lorsque vous acc\u00e9dez \u00e0 la page principale. Vous pouvez \u00e9galement d\u00e9sactiver ou supprimer les cookies accept\u00e9s pr\u00e9c\u00e9demment via les param\u00e8tres de votre navigateur internet. Les navigateurs les plus populaires sont indiqu\u00e9s dans cette politique de cookies.<\/p>\n\n\n\n<p><strong>COMMENT D\u00c9SACTIVER LES COOKIES ?<\/strong><\/p>\n\n\n\n<p>Le blocage ou la d\u00e9sactivation de tous les cookies aide \u00e0 prot\u00e9ger la vie priv\u00e9e, mais peut \u00e9galement limiter l&rsquo;exp\u00e9rience sur certains sites web, ainsi que restreindre les fonctionnalit\u00e9s ou m\u00eame emp\u00eacher la navigation ou l&rsquo;utilisation correcte de certains services.<\/p>\n\n\n\n<p>Vous pouvez activer ou d\u00e9sactiver les cookies d\u00e9crits ci-dessus (\u00e0 l&rsquo;exception des cookies techniques, qui sont n\u00e9cessaires au bon fonctionnement) via le configurateur qui appara\u00eet dans l&rsquo;avis d&rsquo;utilisation des cookies lors de votre acc\u00e8s \u00e0 notre page principale. Notez que, si vous acceptez les cookies de tiers, vous devrez les supprimer depuis les options du navigateur ou le syst\u00e8me fourni par le tiers lui-m\u00eame.<\/p>\n\n\n\n<p>De m\u00eame, si vous souhaitez savoir comment d\u00e9sactiver les cookies dans les navigateurs web les plus populaires, consultez les tutoriels suivants :<\/p>\n\n\n\n<ul>\n<li>Google Chrome<\/li>\n\n\n\n<li>Mozilla Firefox<\/li>\n\n\n\n<li>Microsoft Edge<\/li>\n\n\n\n<li>Safari<\/li>\n\n\n\n<li>Chrome pour Android<\/li>\n\n\n\n<li>Opera<\/li>\n<\/ul>\n\n\n\n<p>Si vous avez des questions ou des doutes concernant cette politique de cookies, vous pouvez nous contacter via les moyens de contact disponibles sur notre site web.<\/p>\n\n\n\n<p>Pour obtenir des informations compl\u00e8tes et pr\u00e9cises sur la protection des donn\u00e9es personnelles, veuillez consulter notre politique de confidentialit\u00e9.<\/p>\n","protected":false},"excerpt":{"rendered":"<p>Date de la derni\u00e8re mise \u00e0 jour : 20\/05\/2024 QU&rsquo;EST-CE QUE LES COOKIES ? Les cookies sont de petits fichiers qui s&rsquo;installent sur le disque dur ou dans le navigateur de l&rsquo;ordinateur, de la tablette, du smartphone ou d&rsquo;un dispositif \u00e9quivalent avec des fonctions de navigation sur Internet et aident, entre autres : \u00e0 personnaliser [&hellip;]<\/p>\n","protected":false},"author":2,"featured_media":0,"parent":0,"menu_order":0,"comment_status":"closed","ping_status":"closed","template":"","meta":{"content-type":"","site-sidebar-layout":"default","site-content-layout":"","ast-site-content-layout":"default","site-content-style":"default","site-sidebar-style":"default","ast-global-header-display":"","ast-banner-title-visibility":"","ast-main-header-display":"","ast-hfb-above-header-display":"","ast-hfb-below-header-display":"","ast-hfb-mobile-header-display":"","site-post-title":"","ast-breadcrumbs-content":"","ast-featured-img":"","footer-sml-layout":"","theme-transparent-header-meta":"","adv-header-id-meta":"","stick-header-meta":"","header-above-stick-meta":"","header-main-stick-meta":"","header-below-stick-meta":"","astra-migrate-meta-layouts":"set","ast-page-background-enabled":"default","ast-page-background-meta":{"desktop":{"background-color":"var(--ast-global-color-4)","background-image":"","background-repeat":"repeat","background-position":"center center","background-size":"auto","background-attachment":"scroll","background-type":"","background-media":"","overlay-type":"","overlay-color":"","overlay-opacity":"","overlay-gradient":""},"tablet":{"background-color":"","background-image":"","background-repeat":"repeat","background-position":"center center","background-size":"auto","background-attachment":"scroll","background-type":"","background-media":"","overlay-type":"","overlay-color":"","overlay-opacity":"","overlay-gradient":""},"mobile":{"background-color":"","background-image":"","background-repeat":"repeat","background-position":"center center","background-size":"auto","background-attachment":"scroll","background-type":"","background-media":"","overlay-type":"","overlay-color":"","overlay-opacity":"","overlay-gradient":""}},"ast-content-background-meta":{"desktop":{"background-color":"var(--ast-global-color-5)","background-image":"","background-repeat":"repeat","background-position":"center center","background-size":"auto","background-attachment":"scroll","background-type":"","background-media":"","overlay-type":"","overlay-color":"","overlay-opacity":"","overlay-gradient":""},"tablet":{"background-color":"var(--ast-global-color-5)","background-image":"","background-repeat":"repeat","background-position":"center center","background-size":"auto","background-attachment":"scroll","background-type":"","background-media":"","overlay-type":"","overlay-color":"","overlay-opacity":"","overlay-gradient":""},"mobile":{"background-color":"var(--ast-global-color-5)","background-image":"","background-repeat":"repeat","background-position":"center center","background-size":"auto","background-attachment":"scroll","background-type":"","background-media":"","overlay-type":"","overlay-color":"","overlay-opacity":"","overlay-gradient":""}},"_joinchat":[],"footnotes":""},"acf":[],"_links":{"self":[{"href":"https:\/\/inscashops.com\/fr\/wp-json\/wp\/v2\/pages\/8090"}],"collection":[{"href":"https:\/\/inscashops.com\/fr\/wp-json\/wp\/v2\/pages"}],"about":[{"href":"https:\/\/inscashops.com\/fr\/wp-json\/wp\/v2\/types\/page"}],"author":[{"embeddable":true,"href":"https:\/\/inscashops.com\/fr\/wp-json\/wp\/v2\/users\/2"}],"replies":[{"embeddable":true,"href":"https:\/\/inscashops.com\/fr\/wp-json\/wp\/v2\/comments?post=8090"}],"version-history":[{"count":2,"href":"https:\/\/inscashops.com\/fr\/wp-json\/wp\/v2\/pages\/8090\/revisions"}],"predecessor-version":[{"id":8913,"href":"https:\/\/inscashops.com\/fr\/wp-json\/wp\/v2\/pages\/8090\/revisions\/8913"}],"wp:attachment":[{"href":"https:\/\/inscashops.com\/fr\/wp-json\/wp\/v2\/media?parent=8090"}],"curies":[{"name":"wp","href":"https:\/\/api.w.org\/{rel}","templated":true}]}}